{"id":108,"date":"2010-05-10T23:35:24","date_gmt":"2010-05-10T21:35:24","guid":{"rendered":"http:\/\/wordpress-buch.bueltge.de\/"},"modified":"2010-05-10T23:35:24","modified_gmt":"2010-05-10T21:35:24","slug":"extra","status":"publish","type":"page","link":"https:\/\/bueltge.de\/wordpress-buch\/das-wordpress-buch\/downloads\/extra\/","title":{"rendered":"Extra"},"content":{"rendered":"<h3>Permalinks mit Umlauten<\/h3>\n<p>WordPress erlaubt es, dass Sie das Backend und Frontend in anderen Sprachen nutzen, als das im Core von WordPress hinterlegt ist. Daf\u00fcr gibt es eine Schnittstelle, die die Sprachdatei l\u00e4dt. In diesem Zusammenhang kann man auch, wie in Themes und Plugins, eigene Funktionen einbringen und so bestimmte Anpassungen zur Sprache vornehmen. Dies wird in anderer Priorit\u00e4t gezogen und ist nur dann aktiv, wenn man im Backend arbeitet. Daher ist die nun vorgestellte L\u00f6sung performanter und auch im Sinne von WordPress so gedacht.<\/p>\n<p>Heiko Rabe hat eine L\u00f6sung f\u00fcr die Permalinks und die deutsche Sprache erarbeitet. Aktuell kommt er nicht pers\u00f6nlich zum Pflegen der Erweiterung und die Leser des Buches sollen die Erweiterung trotzdem laden k\u00f6nnen. Anbei die aktuelle Version. Kopiert die Datei in das Verzeichnis <code>\/languages\/<\/code>, dort wo auch die Sprachdateien abgelegt sind. Die Datei wird nur interpretiert, wenn der Sprachschl\u00fcssel in der <code>wp-config.php<\/code> <code>de_DE<\/code> ist.<\/p>\n<p><img decoding=\"async\" src=\"https:\/\/bueltge.de\/wordpress-buch\/files\/2007\/04\/php.png\" alt=\"PHP-Datei\" \/> <a href=\"https:\/\/bueltge.de\/wordpress-buch\/files\/2010\/05\/de_DE.phps\">de_DE.phps<\/a> 5 kByte, Version 0.7.1, letztes Update: 25.02.2011 21:56:06<\/p>\n<p><img decoding=\"async\" src=\"https:\/\/bueltge.de\/wordpress-buch\/files\/2007\/04\/zip.png\" alt=\"PHP-Datei\" \/> <a href=\"https:\/\/bueltge.de\/wordpress-buch\/files\/2010\/05\/de_DE.zip\">de_DE.php<\/a> 1,9 kByte, Version 0.7.1, letztes Update: 25.02.2011 21:56:06<\/p>\n<p><strong>Hinweis:<\/strong> Den jeweils letzten Stand lege ich auf Github ab, so dass dort Hinweise und Fehler kommuniziert werden und Erweiterungen anderer Mitarbeiter einflie\u00dfen k\u00f6nnen. Ebenso bekommt man dort den letzten Stand des &#8222;DropIn&#8220; f\u00fcr WordPress.<br \/>\nAlternativ kann das Dropin auch als Plugin verwendet werden. So ist es f\u00fcr Anwender leichter die Erweiterung zu de- bzw. aktivieren. Die Funktionen wirken gleich und funktionieren ebenso nur, wenn der Sprachschl\u00fcssel in der wp-config.php gesetzt ist.<br \/>\n &rarr; <a href=\"https:\/\/github.com\/bueltge\/de_DE.php\">zum Repository de_DE.php<\/a><\/p>\n","protected":false},"excerpt":{"rendered":"<p>Permalinks mit Umlauten WordPress erlaubt es, dass Sie das Backend und Frontend in anderen Sprachen nutzen, als das im Core von WordPress hinterlegt ist. Daf\u00fcr gibt es eine Schnittstelle, die die Sprachdatei l\u00e4dt. In diesem Zusammenhang kann man auch, wie in Themes und Plugins, eigene Funktionen einbringen und so bestimmte Anpassungen zur Sprache vornehmen. Dies&hellip; <a class=\"more-link\" href=\"https:\/\/bueltge.de\/wordpress-buch\/das-wordpress-buch\/downloads\/extra\/\"><span class=\"screen-reader-text\">Extra<\/span> weiterlesen<\/a><\/p>\n","protected":false},"author":813,"featured_media":0,"parent":61,"menu_order":15,"comment_status":"closed","ping_status":"open","template":"","meta":{"footnotes":""},"class_list":["post-108","page","type-page","status-publish","hentry","entry"],"_links":{"self":[{"href":"https:\/\/bueltge.de\/wordpress-buch\/wp-json\/wp\/v2\/pages\/108","targetHints":{"allow":["GET"]}}],"collection":[{"href":"https:\/\/bueltge.de\/wordpress-buch\/wp-json\/wp\/v2\/pages"}],"about":[{"href":"https:\/\/bueltge.de\/wordpress-buch\/wp-json\/wp\/v2\/types\/page"}],"author":[{"embeddable":true,"href":"https:\/\/bueltge.de\/wordpress-buch\/wp-json\/wp\/v2\/users\/813"}],"replies":[{"embeddable":true,"href":"https:\/\/bueltge.de\/wordpress-buch\/wp-json\/wp\/v2\/comments?post=108"}],"version-history":[{"count":0,"href":"https:\/\/bueltge.de\/wordpress-buch\/wp-json\/wp\/v2\/pages\/108\/revisions"}],"up":[{"embeddable":true,"href":"https:\/\/bueltge.de\/wordpress-buch\/wp-json\/wp\/v2\/pages\/61"}],"wp:attachment":[{"href":"https:\/\/bueltge.de\/wordpress-buch\/wp-json\/wp\/v2\/media?parent=108"}],"curies":[{"name":"wp","href":"https:\/\/api.w.org\/{rel}","templated":true}]}}