{"id":24,"date":"2007-08-27T11:09:43","date_gmt":"2007-08-27T09:09:43","guid":{"rendered":"http:\/\/wordpress-buch.bueltge.de\/kritiken-und-rezensionen\/"},"modified":"2007-08-27T11:09:43","modified_gmt":"2007-08-27T09:09:43","slug":"kritiken-und-rezensionen","status":"publish","type":"page","link":"https:\/\/bueltge.de\/wordpress-buch\/das-buch\/kritiken-und-rezensionen\/","title":{"rendered":"Kritiken und Rezensionen"},"content":{"rendered":"<p><img decoding=\"async\" class=\"alignright\" src=\"https:\/\/bueltge.de\/wordpress-buch\/files\/2008\/02\/buchempfehlung_wp_magazin.png\" title=\"Buchempfehlung im WordPress Magazin 09\/2008\" alt=\"Buchempfehlung im WordPress Magazin 09\/2008\" \/><\/p>\n<blockquote><p>Auch f\u00fcr &#8222;alte&#8220; Hasen ist das Buch ein sch\u00f6nes Nachschlagwerk.<br \/>\n<cite><a href=\"http:\/\/wildbits.de\">Thomas Boley<\/a><\/cite><\/p><\/blockquote>\n<blockquote><p>&#8230; und war begeistert. &#8230; Das Buch richtet sich nicht nur an Anf\u00e4nger, die sich mit dem Thema WordPress und dem optimalen Weblog besch\u00e4ftigen wollen, sondern auch an jene, die ihr eigenes Template oder das individuelle Plugin erstellen wollen. &#8230; W\u00fcrde man sich all diese Tipps im Internet zusammenlesen, w\u00e4re man sicher recht lange unterwegs.<cite><a href=\"http:\/\/bloganbieter.de\/2007\/10\/11\/wordpress-buch-weblogs-einrichten-und-administrieren\/\">Bloganbieter.de<\/a><\/cite><\/p><\/blockquote>\n<blockquote><p>So ein Buch habe ich schon l\u00e4nger gesucht.<br \/>\n<cite><a href=\"http:\/\/www.amazon.de\/gp\/redirect.html%3FASIN=3937514333%26tag=buedebyltgde-21%26lcode=xm2%26cID=2025%26ccmID=165953%26location=\/o\/ASIN\/3937514333%253FSubscriptionId=1N9AHEAQ2F6SVD97BE02\">Hannelore R\u00fcmenapp &#8222;rueme&#8220;<\/a><\/cite><\/p><\/blockquote>\n<blockquote><p>L\u00e4sst f\u00fcr den Einsteiger und Fortgeschrittenen keine W\u00fcnsche offen<br \/>\n<cite><a href=\"http:\/\/afrison.com\">Alexander Frison<\/a><\/cite><\/p><\/blockquote>\n<blockquote><p>ein gelungenes Buch f\u00fcr Einsteiger und Fortgeschrittene<br \/>\n<cite><a href=\"http:\/\/www.amazon.de\/gp\/redirect.html%3FASIN=3937514333%26tag=buedebyltgde-21%26lcode=xm2%26cID=2025%26ccmID=165953%26location=\/o\/ASIN\/3937514333%253FSubscriptionId=1N9AHEAQ2F6SVD97BE02\">S.Eck<\/a><\/cite><\/p><\/blockquote>\n<blockquote><p>Wer WordPress selber installieren m\u00f6chte, findet in diesem neuen Buch einen sehr genauen und sorgf\u00e4ltig ausgearbeiteten Leitfaden &#8230;<br \/>\n<cite><a href=\"http:\/\/www.burg-blog.de\/wordpress\/\">Ulla Schmitz<\/a><\/cite><\/p><\/blockquote>\n<blockquote><p>&#8230; Franks Buch ist thematisch sehr breit angelegt und damit sehr reizvoll. Wenn eine zweite Auflage in ihrem Umfang auch diese thematische Breite widerspiegeln w\u00fcrde und den Themen mehr Raum g\u00f6nnen w\u00fcrde, w\u00e4r das Buch f\u00fcr mich eine Topempfehlung. So bleibt aber leider immer wieder das Nachschlagen in der Onlinedokumentation. &#8230;<br \/>\n<cite><a href=\"http:\/\/grochtdreis.de\/weblog\/2007\/08\/22\/rezension-wordpress-buch-von-frank-bultge\/\">Jens Grochtdreis<\/a><\/cite><\/p><\/blockquote>\n<blockquote><p>All seems to be working fine now. Thank you so much for all your help. When I am in a position to do so I will definitely contribute to your projects. I will also recommend your work whenever I can. Your patience and support is much appreciated.<br \/>\n<cite>Francois Wessels<\/cite><\/p><\/blockquote>\n<blockquote><p>Selbstverst\u00e4ndlich mangelt es auch nicht an Hintergrundwissen zu Themes und Plugins, an deren Erstellung der Leser Schritt f\u00fcr Schritt herangef\u00fchrt wird. Im Anhang findet sich neben n\u00fctzlichen Links auch eine \u00dcbersicht der Plugin-API und der Template-Tags.<br \/>\n<cite><a href=\"http:\/\/blog.wordpress-deutschland.org\/2007\/10\/16\/wordpress-weblogs-einrichten-und-administrieren.html\">Olaf, WordPress Deutschland<\/a><\/cite><\/p><\/blockquote>\n<blockquote><p>Ich Pers\u00f6nliche sehe das Buch als Standard Werk zum Thema WordPress und kann es nur jeden empfehlen, der mehr aus seinem Blog machen m\u00f6chte.<br \/>\n<cite><a href=\"http:\/\/www.planet-haefele.de\/index.php\/wordpress\/wordpress-weblogs-einrichten-und-administrieren\/10\/\">Heiko H\u00e4fele<\/a><\/cite><\/p><\/blockquote>\n<blockquote><p>Es ist in meinem Augen das derzeit beste Buch zum Thema WordPress auf dem Markt.<br \/>\n<cite><a href=\"http:\/\/www.basti2.de\/frank-bueltge-wordpress-buch\/3\/\">Basti<\/a><\/cite><\/p><\/blockquote>\n<blockquote><p>Dieses Wochenende habe ich das Buch \u00e2\u20ac\u0153WordPress, Weblogs einrichten und administrieren, von Frank B\u00fcltge\u00e2\u20ac\u009d gelesen, \u00fcbrigens ein sehr geniales Buch f\u00fcr Blog Anf\u00e4nger, Fortgeschrittene und solche die es gerne werden wollen. Darin enthalten sind sehr viele Informationen die mir bis dato g\u00e4nzlich unbekannt waren.<br \/>\n<cite><a href=\"http:\/\/www.christianderwein.com\/blogberater\/2007\/09\/20\/follow-url-wordpress-plugin-backlinks\/\">Blogberater.org<\/a><\/cite><\/p><\/blockquote>\n<blockquote><p>&#8230; Sein Ziel, sowohl technisch unerfahrene Benutzer als auch erfahrene Webmaster dabei mit allen notwendigen Informationen zu erreichen, gelingt ihm fast meisterlich. &#8230;.<br \/>\n<cite>Magazin: <a href=\"http:\/\/www.linux-user.de\/ausgabe\/2007\/11\/010-buchtipp\/\">LinuxUser 11\/ 2007<\/a><\/cite><\/p><\/blockquote>\n<blockquote><p>Ich habe mir das Buch auch gekauft, wenn man mal nciht weiter kommt, dann schl\u00e4gt man einfach in dem Buch nach.<br \/>\n<cite><a href=\"http:\/\/blog.wordpress-deutschland.org\/2007\/10\/16\/wordpress-weblogs-einrichten-und-administrieren.html#comment-69064\">Fertighaus<\/a><\/cite><\/p><\/blockquote>\n<blockquote><p>durch die Empfehlung eines Freundes wurde ich auf das Buch aufmerksam und habe es mir auch zugelegt. Obwohl ich erst ungef\u00e4hr 1\/3 gelesen habe, kann ich es wirklich jedem ans Herz legen, der mal etwas mit WordPress machen m\u00f6chte. Selbst ohne oder mit wenig Programmierkenntnissen kann man das Buch gut verstehen und der Weg zur eigenen Nutzung von WordPress wird einem schnell offenbart<br \/>\n<cite><a href=\"http:\/\/blog.wordpress-deutschland.org\/2007\/10\/16\/wordpress-weblogs-einrichten-und-administrieren.html#comment-68346\">Astrid<\/a><\/cite><\/p><\/blockquote>\n<blockquote><p>Aufgrund der guten Kritiken wurde mir die Kaufentscheidung f\u00fcr das Buch um vieles erleichtert.<br \/>\nDie 20 Euro sind wirklich gut investiert, durch die sehr ausf\u00fchrliche Beschreibung vieler wichtiger Details kommt man als WordPress-Anf\u00e4nger schnell vorw\u00e4rts. Wer mit HTML, CSS oder PHP noch nie was zu tun hatte, sollte sich darauf einstellen einmal etwas \u00fcber den \u00e2\u20ac\u0153Tellerrand\u00e2\u20ac\u009d hinauszuschauen zu d\u00fcrfen.<\/p>\n<p>Es hat sich wirklich gelohnt dieses Buch zu lesen.<br \/>\n<cite><a href=\"http:\/\/blog.wordpress-deutschland.org\/2007\/10\/16\/wordpress-weblogs-einrichten-und-administrieren.html#comment-65765\">Hannes<\/a><\/cite><\/p><\/blockquote>\n<blockquote><p>Ich habe bereits sein erstes Buch WordPress. Weblogs einrichten und administrieren und kann dieses nur jedem WordPress-Betreiber empfehlen.<br \/>\n<cite><a href=\"http:\/\/webmeister.ch\/blog\/2008\/02\/01\/noch-mehr-wordpress-lesestoff\/\">Webmeister Blog<\/a><\/cite><\/p><\/blockquote>\n<blockquote><p><strong>n\u00fctzlich, sehr \u00fcbersichtlich, verst\u00e4ndlich, gute Links &#8211; einfach empfehlenswert<\/strong><br \/>\n&#8230; Schneller und zielf\u00fchrender gehts jedoch mit diesem Buch. Ideal ist es f\u00fcr etwas fortgeschrittene Einsteiger, d. h. Quellcode sollte kein Fremdwort sein. Es finden sich gute Anleitungen f\u00fcr selbstgebaute Templates bis hin zu ersten Schritten in der Plugin-Programmierung. Echte Profis werden wieder vieles schon kennen, aber das ist wohl immer so. &#8230;<br \/>\n<cite><a href=\"http:\/\/www.amazon.de\/WordPress-Weblogs-einrichten-administrieren-B%C3%BCltge\/dp\/customer-reviews\/3937514333\/ref=cm_cr_dp_synop?ie=UTF8&amp;customer-reviews.sort%5Fby=-SubmissionDate&amp;customer-reviews.start=1#R2ASL3PM65QX4I\"> urs (muc)<\/a><\/cite><\/p><\/blockquote>\n<blockquote><p>&#8230; Ein gro\u00dfer Vorteil von WordPress ist seine Flexibilit\u00e4t bei Design und Funktion. Deshalb kommt das Installieren und Anpassen von Plugins auch im Buch nicht zu kurz. Wer seine Kreativit\u00e4t freien Lauf lassen m\u00f6chte erf\u00e4hrt dar\u00fcber hinaus, wie er selbst in wenigen Schritten Themes und Plugins f\u00fcr WordPress erstellen kann.<br \/>\n<cite><a href=\"http:\/\/www.biblioblog.de\/\">Simone Janson auf Biblio Blog<\/a><\/cite><\/p><\/blockquote>\n<blockquote><p>Frank zeichnet sich aber auch dadurch aus, dass er stets ansprechbar ist, wenn selbst blutige Anf\u00e4nger um seine Hilfe bitten (ich wei\u00df das ganz genau&#8230;).<br \/>\nUnd das genau ist der Unterschied, wenn ein aktiver Blogger ein Buch schreibt (im Vergleich zu den Theoretikern). Er ist Praktiker, teilt sein Wissen dann auch ausf\u00fchrlicher in Buchform mit. Stellt sich aber auch weiterhin spontan im Blog als kompetenter Ansprechpartner f\u00fcr individuelle Fragen zur Verf\u00fcgung.<br \/>\nEin Gewinn in jeglicher Hinsicht, wie ich finde.<br \/>\n<cite><a href=\"http:\/\/www.selbstaendig-im-netz.de\/2008\/04\/02\/interviews\/wenn-blogger-buecher-schreiben-interview-mit-frank-bueltge\/#comments\">Tina<\/a><\/cite><\/p><\/blockquote>\n<blockquote><p>Sehr zu empfehlen f\u00fcr alle Anf\u00e4nger, aber auch fortgeschrittenen WordPress Anwender ist das neue Buch von Frank Bueltge. Von der Installation \u00fcber die Administration des Kernsystems bis hin zum \u00fcberlegten Einsatz von Tagging, Newsfeeds, Social Bookmarking und anderen Mechanismen, die das Blog in der Blogosph\u00e4re vernetzen.<br \/>\n<cite><a href=\"http:\/\/www.wordpress-tutorials.de\/\">Themes | Widgets | WordPress Tutorials<\/a><\/cite><\/p><\/blockquote>\n<blockquote><p>ohne das gute Buch von Frank B\u00fcltge w\u00e4re es aus meinem Kaeseplatte.com &#8211; Blog nichts geworden!<br \/>\nSch\u00f6n, dass man auch ohne allzuviel technisches Wissen klarkommt.<br \/>\n<cite><a href=\"http:\/\/blog.wordpress-deutschland.org\/2008\/04\/13\/willkommen-frank.html#comment-86566\">Willi<\/a><\/cite><\/p><\/blockquote>\n<blockquote><p>Vor allem Einsteigern ist das Buch sehr zu empfehlen, denn WordPress ist zwar an sich nicht schwierig zu verwenden, aber es tauchen doch immer sehr viele Fragen auf, die zu l\u00f6sen viel Zeit kostet. Zeit, die man lieber aufs Bloggen verwenden w\u00fcrde. Also &#8211; auch wenn die \u201calten Hasen\u201d jetzt lachen werden &#8211; danke f\u00fcr die Erkl\u00e4rung, was ein Trackback ist, ein Widget etc. Und ich bin immer noch am lernen.<\/p>\n<p>Aber auch Fortgeschrittene finden in dem Buch Tipps und M\u00f6glichkeiten, von denen viele sicher gar nichts wussten. Man wird ja mit der Zeit auch betriebsblind. Und wenn man vorhat, sein eigenes Template oder ein eigenes Plugin zu erstellen, ist das Buch eine unsch\u00e4tzbare Hilfe. Auch als Nachschlagewerk leistet es gute Dienste.<\/p>\n<p>Alle Anleitungen sind gut verst\u00e4ndlich und mit vielen Screenshots beschrieben, knapp 200 Seiten geballtes WordPress-Wissen &#8211; sich das alles im Internet zusammenzusuchen dauert lange.<br \/>\n<cite><a href=\"http:\/\/fachbuecher-sachbuecher.de\/internet\/blog-buecher\/das-wordpress-tutorial-von-der-installation-bis-themes-plugins-und-rss\/\">fachb\u00fccher-sachb\u00fccher.de<\/a><\/cite>\n<\/p><\/blockquote>\n","protected":false},"excerpt":{"rendered":"<p>Auch f\u00fcr &#8222;alte&#8220; Hasen ist das Buch ein sch\u00f6nes Nachschlagwerk. Thomas Boley &#8230; und war begeistert. &#8230; Das Buch richtet sich nicht nur an Anf\u00e4nger, die sich mit dem Thema WordPress und dem optimalen Weblog besch\u00e4ftigen wollen, sondern auch an jene, die ihr eigenes Template oder das individuelle Plugin erstellen wollen. &#8230; W\u00fcrde man sich&hellip; <a class=\"more-link\" href=\"https:\/\/bueltge.de\/wordpress-buch\/das-buch\/kritiken-und-rezensionen\/\"><span class=\"screen-reader-text\">Kritiken und Rezensionen<\/span> weiterlesen<\/a><\/p>\n","protected":false},"author":813,"featured_media":0,"parent":5,"menu_order":7,"comment_status":"closed","ping_status":"closed","template":"","meta":{"footnotes":""},"class_list":["post-24","page","type-page","status-publish","hentry","entry"],"_links":{"self":[{"href":"https:\/\/bueltge.de\/wordpress-buch\/wp-json\/wp\/v2\/pages\/24","targetHints":{"allow":["GET"]}}],"collection":[{"href":"https:\/\/bueltge.de\/wordpress-buch\/wp-json\/wp\/v2\/pages"}],"about":[{"href":"https:\/\/bueltge.de\/wordpress-buch\/wp-json\/wp\/v2\/types\/page"}],"author":[{"embeddable":true,"href":"https:\/\/bueltge.de\/wordpress-buch\/wp-json\/wp\/v2\/users\/813"}],"replies":[{"embeddable":true,"href":"https:\/\/bueltge.de\/wordpress-buch\/wp-json\/wp\/v2\/comments?post=24"}],"version-history":[{"count":0,"href":"https:\/\/bueltge.de\/wordpress-buch\/wp-json\/wp\/v2\/pages\/24\/revisions"}],"up":[{"embeddable":true,"href":"https:\/\/bueltge.de\/wordpress-buch\/wp-json\/wp\/v2\/pages\/5"}],"wp:attachment":[{"href":"https:\/\/bueltge.de\/wordpress-buch\/wp-json\/wp\/v2\/media?parent=24"}],"curies":[{"name":"wp","href":"https:\/\/api.w.org\/{rel}","templated":true}]}}