{"id":25,"date":"2007-08-27T11:22:00","date_gmt":"2007-08-27T10:22:00","guid":{"rendered":"http:\/\/wordpress-buch.bueltge.de\/impressum\/"},"modified":"2020-12-09T08:57:17","modified_gmt":"2020-12-09T07:57:17","slug":"impressum","status":"publish","type":"page","link":"https:\/\/bueltge.de\/wordpress-buch\/impressum\/","title":{"rendered":"Impressum"},"content":{"rendered":"\n<p>WordPress-Buch ist das Blog zum Buch WordPress &#8211; Weblogs einrichten und administrieren &amp; dem Nachfolgewerk Das WordPress-Buch \u2013 Vom Blog zum Content-Management-System, welche im <a href=\"https:\/\/www.opensourcepress.de\/\">Open Source Press Verlag<\/a> erschienen sind.<\/p>\n\n\n\n<p>Autor und Betreiber dieses Blog ist Frank B\u00fcltge<\/p>\n\n\n\n<div class=\"vcard\"><span class=\"titel\">Dipl.-Ing. (FH)<\/span><br><a class=\"url fn\" href=\"https:\/\/bueltge.de\">Frank Bueltge<\/a>\n<p>&nbsp;<\/p>\n<div class=\"adr\">\n<div class=\"street-address\">Louis-G\u00f6rner-Stra\u00dfe 6<\/div>\n<p><span class=\"postal-code\">07646<\/span> <span class=\"locality\">Stadtroda<\/span><\/p>\n<div class=\"country-name\">Deutschland<\/div>\n<p>&nbsp;<\/p>\n<\/div>\n<div class=\"email\">E-Mail: wordpress-buch [AT] bueltge [DOT] de<\/div>\n<\/div>\n\n\n\n<p><a href=\"http:\/\/h2vx.com\/vcf\/wordpress-buch.bueltge.de\/impressum\/\">vCard herunterladen<\/a><\/p>\n\n\n\n<h3 class=\"wp-block-heading\">Links<\/h3>\n\n\n\n<p>Dieses Blog enth\u00e4lt Links, die zu anderen Webpr\u00e4sentationen f\u00fchren. Die dadurch erreichbaren fremden Angebote spiegeln nicht die Meinung des Betreibers oder der Autoren wieder, sondern dienen lediglich der Information und Darstellung von Zusammenh\u00e4ngen. Die Verantwortung f\u00fcr Inhalte, auf die www.wordpressbuch.de durch Verlinkung hinweist, tr\u00e4gt allein der Betreiber des jeweiligen Angebotes.<\/p>\n\n\n\n<h3 class=\"wp-block-heading\">Copyright<\/h3>\n\n\n\n<p>Alle eigenen Inhalte sind das geistige Eigentum von Frank B\u00fcltge und d\u00fcrfen nicht ohne ausdr\u00fcckliche schriftliche Erlaubnis verwendet werden. Zitierte Texte, sowie bereitgestellte Software oder Scripte Dritter sind das geistige Eigentum dieser Autoren.<br>Links auf diese Artikel und Seiten sind hingegen ausdr\u00fccklich erw\u00fcnscht.<\/p>\n","protected":false},"excerpt":{"rendered":"<p>WordPress-Buch ist das Blog zum Buch WordPress &#8211; Weblogs einrichten und administrieren &amp; dem Nachfolgewerk Das WordPress-Buch \u2013 Vom Blog zum Content-Management-System, welche im Open Source Press Verlag erschienen sind. Autor und Betreiber dieses Blog ist Frank B\u00fcltge Dipl.-Ing. (FH)Frank Bueltge &nbsp; Louis-G\u00f6rner-Stra\u00dfe 6 07646 Stadtroda Deutschland &nbsp; E-Mail: wordpress-buch [AT] bueltge [DOT] de vCard&hellip; <a class=\"more-link\" href=\"https:\/\/bueltge.de\/wordpress-buch\/impressum\/\"><span class=\"screen-reader-text\">Impressum<\/span> weiterlesen<\/a><\/p>\n","protected":false},"author":813,"featured_media":0,"parent":0,"menu_order":28,"comment_status":"closed","ping_status":"closed","template":"","meta":{"footnotes":""},"class_list":["post-25","page","type-page","status-publish","hentry","entry"],"_links":{"self":[{"href":"https:\/\/bueltge.de\/wordpress-buch\/wp-json\/wp\/v2\/pages\/25","targetHints":{"allow":["GET"]}}],"collection":[{"href":"https:\/\/bueltge.de\/wordpress-buch\/wp-json\/wp\/v2\/pages"}],"about":[{"href":"https:\/\/bueltge.de\/wordpress-buch\/wp-json\/wp\/v2\/types\/page"}],"author":[{"embeddable":true,"href":"https:\/\/bueltge.de\/wordpress-buch\/wp-json\/wp\/v2\/users\/813"}],"replies":[{"embeddable":true,"href":"https:\/\/bueltge.de\/wordpress-buch\/wp-json\/wp\/v2\/comments?post=25"}],"version-history":[{"count":0,"href":"https:\/\/bueltge.de\/wordpress-buch\/wp-json\/wp\/v2\/pages\/25\/revisions"}],"wp:attachment":[{"href":"https:\/\/bueltge.de\/wordpress-buch\/wp-json\/wp\/v2\/media?parent=25"}],"curies":[{"name":"wp","href":"https:\/\/api.w.org\/{rel}","templated":true}]}}