{"id":5,"date":"2007-04-16T21:23:45","date_gmt":"2007-04-16T20:23:45","guid":{"rendered":"https:\/\/bueltge.de\/wordpress-buch\/das-buch\/"},"modified":"2007-04-16T21:23:45","modified_gmt":"2007-04-16T20:23:45","slug":"das-buch","status":"publish","type":"page","link":"https:\/\/bueltge.de\/wordpress-buch\/das-buch\/","title":{"rendered":"WordPress \u2013 Weblogs einrichten und administrieren"},"content":{"rendered":"<p>Herzlich willkommen auf das Blog zum Buch <strong>WordPress &#8211; Weblogs einrichten und administrieren<\/strong> aus dem <a href=\"https:\/\/www.opensourcepress.de\/\">Open Source Press Verlag<\/a>.<\/p>\n<h3>\u00dcber das Buch<\/h3>\n<p><img decoding=\"async\" src=\"https:\/\/bueltge.de\/wordpress-buch\/files\/2007\/04\/wpbuch1.png\" class=\"alignleft\" alt=\"Cover WordPress Buch\" \/><\/p>\n<h4>WordPress<br \/>\nWeblogs einrichten und administrieren<\/h4>\n<p>Wer ein eigenes Weblog einrichtet greift aus gutem Grund meist zu WordPress. Die Open-Source-Software ist kostenlos erh\u00e4ltlich und steht unter der GPL, eine engagierte Community k\u00fcmmert sich um die Weiterentwicklung und es entstehen st\u00e4ndig neue Erweiterungen, Themes und Plugins. Aufgrund seiner modularen Struktur und der einfachen Erweiterbarkeit wird WordPress f\u00fcr viele Zwecke erfolgreich verwendet &#8211; als solide Basis f\u00fcr einfache Blogs oder gar als Content-Management-System (CMS).<\/p>\n<p>In diesem Buch beschreibt der Autor, wie Sie WordPress einsetzen, um ein f\u00fcr Ihre Zwecke optimales Weblog aufzubauen: von der Installation \u00fcber die Administration des Kernsystems bis hin zum \u00fcberlegten Einsatz von Tagging, Newsfeeds, Social Bookmarking und anderen Mechanismen, die das Blog in der Blogosph\u00e4re vernetzen.<\/p>\n<p>Ein gro\u00dfer Vorteil von WordPress ist seine Flexibilit\u00e4t bei Design und Funktion. Deshalb kommt das Installieren und Anpassen von Plugins auch im Buch nicht zu kurz. Wer seine Kreativit\u00e4t freien Lauf lassen m\u00f6chte erf\u00e4hrt dar\u00fcber hinaus, wie er selbst in wenigen Schritten Themes und Plugins f\u00fcr WordPress erstellen kann.<\/p>\n<h3>Leseprobe<\/h3>\n<ul>\n<li><a href=\"https:\/\/bueltge.de\/wordpress-buch\/wp-content\/uploads\/2007\/04\/wordpress_leseprobe.pdf\">Leseprobe <\/a> (109 kByte)<\/li>\n<li><a href=\"https:\/\/bueltge.de\/wordpress-buch\/wp-content\/uploads\/2007\/04\/wordpress_inhalt.pdf\">Inhaltsverzeichis<\/a> (85 kByte)<\/li>\n<\/ul>\n<h3>Kaufen<\/h3>\n<ul>\n<li><a href=\"https:\/\/www.opensourcepress.de\/index.php?26&amp;backPID=178&amp;tt_products=109\">direkt beim Verlag<\/a><\/li>\n<li><a href=\"http:\/\/www.amazon.de\/gp\/redirect.html%3FASIN=3937514333%26tag=buedebyltgde-21%26lcode=xm2%26cID=2025%26ccmID=165953%26location=\/o\/ASIN\/3937514333%253FSubscriptionId=1N9AHEAQ2F6SVD97BE02\">bei Amazon.de<\/a><\/li>\n<li><a href=\"http:\/\/www.buch.de\/shop\/buecher\/suchartikel\/wordpress\/frank_bueltge\/ISBN3-937514-33-3\/ID14278786.html?jumpId=644691\">bei Buch.de<\/a><\/li>\n<li><a href=\"http:\/\/www.libri.de\/shop\/action\/productDetails\/6265515\/frank_bueltge_wordpress_3937514333.html\">bei Libri.de<\/a><\/li>\n<\/ul>\n","protected":false},"excerpt":{"rendered":"<p>Herzlich willkommen auf das Blog zum Buch WordPress &#8211; Weblogs einrichten und administrieren aus dem Open Source Press Verlag. \u00dcber das Buch WordPress Weblogs einrichten und administrieren Wer ein eigenes Weblog einrichtet greift aus gutem Grund meist zu WordPress. Die Open-Source-Software ist kostenlos erh\u00e4ltlich und steht unter der GPL, eine engagierte Community k\u00fcmmert sich um&hellip; <a class=\"more-link\" href=\"https:\/\/bueltge.de\/wordpress-buch\/das-buch\/\"><span class=\"screen-reader-text\">WordPress \u2013 Weblogs einrichten und administrieren<\/span> weiterlesen<\/a><\/p>\n","protected":false},"author":813,"featured_media":0,"parent":0,"menu_order":2,"comment_status":"closed","ping_status":"closed","template":"","meta":{"footnotes":""},"class_list":["post-5","page","type-page","status-publish","hentry","entry"],"_links":{"self":[{"href":"https:\/\/bueltge.de\/wordpress-buch\/wp-json\/wp\/v2\/pages\/5","targetHints":{"allow":["GET"]}}],"collection":[{"href":"https:\/\/bueltge.de\/wordpress-buch\/wp-json\/wp\/v2\/pages"}],"about":[{"href":"https:\/\/bueltge.de\/wordpress-buch\/wp-json\/wp\/v2\/types\/page"}],"author":[{"embeddable":true,"href":"https:\/\/bueltge.de\/wordpress-buch\/wp-json\/wp\/v2\/users\/813"}],"replies":[{"embeddable":true,"href":"https:\/\/bueltge.de\/wordpress-buch\/wp-json\/wp\/v2\/comments?post=5"}],"version-history":[{"count":0,"href":"https:\/\/bueltge.de\/wordpress-buch\/wp-json\/wp\/v2\/pages\/5\/revisions"}],"wp:attachment":[{"href":"https:\/\/bueltge.de\/wordpress-buch\/wp-json\/wp\/v2\/media?parent=5"}],"curies":[{"name":"wp","href":"https:\/\/api.w.org\/{rel}","templated":true}]}}