{"id":59,"date":"2009-06-13T01:43:05","date_gmt":"2009-06-12T23:43:05","guid":{"rendered":"http:\/\/wordpress-buch.bueltge.de\/?page_id=59"},"modified":"2009-06-13T01:43:05","modified_gmt":"2009-06-12T23:43:05","slug":"das-wordpress-buch","status":"publish","type":"page","link":"https:\/\/bueltge.de\/wordpress-buch\/das-wordpress-buch\/","title":{"rendered":"Das WordPress-Buch &#8211; Vom Blog zum Content-Management-System"},"content":{"rendered":"<p>Herzlich willkommen auf das Blog zu den B\u00fcchern<strong> WordPress \u2013 Weblogs einrichten und administrieren<\/strong> und <strong>Das WordPress-Buch &#8211; Vom Blog zum Content-Management-System<\/strong> aus dem <a href=\"https:\/\/www.opensourcepress.de\/\">Open Source Press Verlag<\/a>.<\/p>\n<h3>\u00dcber das Buch<\/h3>\n<p><img loading=\"lazy\" decoding=\"async\" src=\"https:\/\/bueltge.de\/wordpress-buch\/files\/2009\/06\/wpbuch21.png\" alt=\"wpbuch2\" title=\"wpbuch2\" width=\"188\" height=\"256\" class=\"alignleft size-full wp-image-60\" \/><\/p>\n<h4>Das WordPress-Buch<br \/>\nVom Blog zum Content-Management-System<\/h4>\n<p>WordPress ist weit mehr als eine Blog-Software. Dies beweist die stetig wachsende Zahl komplexer Webauftritte auf der Grundlage dieses Systems. Die gro\u00dfe Entwicklergemeinde und der konsequent modulare Aufbau machen WordPress in der neuen Version 2.8 zu einer ernsthaften Alternative, wenn die Programmierung von Webseiten mit HTML\/PHP zu aufw\u00e4ndig, ein &#8222;gro\u00dfes&#8220; Content Management System jedoch \u00fcberdimensioniert ist.<\/p>\n<p>Das Buch gibt Anwendern einen umfassenden Einblick in die fortgeschrittenen Aspekte des Bloggens. F\u00fcr Administratoren h\u00e4lt es wichtige Hinweise zum sicheren und in Sachen Suchmaschinen und Performance optimierten Betrieb bereit und Entwickler profitieren besonders von den Kapiteln zur Erstellung widgetf\u00e4higer Themes und zur Erweiterung von WordPress durch eigene Plugins.<\/p>\n<p>So bietet dieses Buch Einsteigern wie fortgeschrittenen Anwendern einen tiefen Einblick in die Blog- und CMS-Funktionalit\u00e4ten von WordPress.<\/p>\n<h3>Leseprobe<\/h3>\n<ul>\n<li><a href=\"https:\/\/bueltge.de\/wordpress-buch\/wp-content\/uploads\/2009\/07\/wordpress_de_1ed_leseprobe.pdf\">Leseprobe<\/a> ( 270 kByte)<\/li>\n<li><a href=\"https:\/\/bueltge.de\/wordpress-buch\/wp-content\/uploads\/2009\/07\/wordpressbuch_de_1ed_inhalt.pdf\">Inhaltsverzeichis<\/a> ( 91 kByte )<\/li>\n<\/ul>\n<h3>Kaufen<\/h3>\n<ul>\n<li><a href=\"https:\/\/www.opensourcepress.de\/index.php?26&amp;backPID=178&amp;tt_products=247\">direkt beim Verlag<\/a><\/li>\n<li><a href=\"http:\/\/www.amazon.de\/Das-WordPress-Buch-Vom-Blog-Content-Management-System\/dp\/3937514708\/ref=sr_1_1?ie=UTF8&amp;s=books&amp;qid=1244849627&amp;sr=8-1\">bei Amazon.de<\/a><\/li>\n<li><a href=\"http:\/\/www.buch.de\/shop\/home\/suchartikel\/das_wordpress_buch_weisse_reihe\/frank_bueltge\/ISBN3-937514-70-8\/ID15901052.html?jumpId=236664\">bei Buch.de<\/a><\/li>\n<li><a href=\"http:\/\/www.libri.de\/shop\/action\/productDetails\/7648303\/frank_bueltge_thomas_boley_das_wordpress_buch_3937514708.html\">bei Libri.de<\/a><\/li>\n<\/ul>\n","protected":false},"excerpt":{"rendered":"<p>Herzlich willkommen auf das Blog zu den B\u00fcchern WordPress \u2013 Weblogs einrichten und administrieren und Das WordPress-Buch &#8211; Vom Blog zum Content-Management-System aus dem Open Source Press Verlag. \u00dcber das Buch Das WordPress-Buch Vom Blog zum Content-Management-System WordPress ist weit mehr als eine Blog-Software. Dies beweist die stetig wachsende Zahl komplexer Webauftritte auf der Grundlage&hellip; <a class=\"more-link\" href=\"https:\/\/bueltge.de\/wordpress-buch\/das-wordpress-buch\/\"><span class=\"screen-reader-text\">Das WordPress-Buch &#8211; Vom Blog zum Content-Management-System<\/span> weiterlesen<\/a><\/p>\n","protected":false},"author":813,"featured_media":0,"parent":0,"menu_order":0,"comment_status":"open","ping_status":"open","template":"","meta":{"footnotes":""},"class_list":["post-59","page","type-page","status-publish","hentry","entry"],"_links":{"self":[{"href":"https:\/\/bueltge.de\/wordpress-buch\/wp-json\/wp\/v2\/pages\/59","targetHints":{"allow":["GET"]}}],"collection":[{"href":"https:\/\/bueltge.de\/wordpress-buch\/wp-json\/wp\/v2\/pages"}],"about":[{"href":"https:\/\/bueltge.de\/wordpress-buch\/wp-json\/wp\/v2\/types\/page"}],"author":[{"embeddable":true,"href":"https:\/\/bueltge.de\/wordpress-buch\/wp-json\/wp\/v2\/users\/813"}],"replies":[{"embeddable":true,"href":"https:\/\/bueltge.de\/wordpress-buch\/wp-json\/wp\/v2\/comments?post=59"}],"version-history":[{"count":0,"href":"https:\/\/bueltge.de\/wordpress-buch\/wp-json\/wp\/v2\/pages\/59\/revisions"}],"wp:attachment":[{"href":"https:\/\/bueltge.de\/wordpress-buch\/wp-json\/wp\/v2\/media?parent=59"}],"curies":[{"name":"wp","href":"https:\/\/api.w.org\/{rel}","templated":true}]}}