{"id":7,"date":"2007-04-18T08:35:00","date_gmt":"2007-04-18T07:35:00","guid":{"rendered":"http:\/\/wordpress-buch.bueltge.de\/mitwirkende\/"},"modified":"2020-12-09T09:02:13","modified_gmt":"2020-12-09T08:02:13","slug":"mitwirkende","status":"publish","type":"page","link":"https:\/\/bueltge.de\/wordpress-buch\/mitwirkende\/","title":{"rendered":"Mitwirkende"},"content":{"rendered":"\n<p><strong>Frank B\u00fcltge<\/strong><br>&#8230; hat an der Fachhochschule Jena Feinwerktechnik, Spezialisierung Konstruktion, studiert. Seit 2005 besch\u00e4ftigt er sich im Umfeld PDM\/PLM mit SAP und Softwareentwicklung bei Carl Zeiss. Seit 1996 bewegt er sich im Internet, in den verschiedensten Formen, bis er sich intensiv mit der Blog-Plattform WordPress besch\u00e4ftigte. Er schreibt regelm\u00e4\u00dfig auf seinem eigenen Weblog <a href=\"https:\/\/bueltge.de\">bueltge.de<\/a>. Au\u00dferdem lebt er in seiner Freizeit die Hobbys Bergsteigen und Klettern &#8211; in den verschiedensten Formen.<\/p>\n\n\n\n<p>Seit der Arbeit am <a href=\"http:\/\/wordpress-buch.bueltge.de\/das-wordpress-buch\/\">zweiten Buch<\/a> bringt Thomas Boley sein Wissen mit ein.<\/p>\n\n\n\n<p><br><strong>Thomas Boley<\/strong><br>&#8230; besch\u00e4ftigt sich beruflich mit der Entwicklung von Webanwendungen und setzt nicht selten als Basis WordPress ein. Programmierung findet vorzugsweise objektorientiert mit PHP statt. Sein privates Blog ist unter der URL <a href=\"http:\/\/wildbits.de\">wildbits.de<\/a> erreichbar.<\/p>\n","protected":false},"excerpt":{"rendered":"<p>Frank B\u00fcltge&#8230; hat an der Fachhochschule Jena Feinwerktechnik, Spezialisierung Konstruktion, studiert. Seit 2005 besch\u00e4ftigt er sich im Umfeld PDM\/PLM mit SAP und Softwareentwicklung bei Carl Zeiss. Seit 1996 bewegt er sich im Internet, in den verschiedensten Formen, bis er sich intensiv mit der Blog-Plattform WordPress besch\u00e4ftigte. Er schreibt regelm\u00e4\u00dfig auf seinem eigenen Weblog bueltge.de. Au\u00dferdem&hellip; <a class=\"more-link\" href=\"https:\/\/bueltge.de\/wordpress-buch\/mitwirkende\/\"><span class=\"screen-reader-text\">Mitwirkende<\/span> weiterlesen<\/a><\/p>\n","protected":false},"author":813,"featured_media":0,"parent":0,"menu_order":27,"comment_status":"closed","ping_status":"closed","template":"","meta":{"footnotes":""},"class_list":["post-7","page","type-page","status-publish","hentry","entry"],"_links":{"self":[{"href":"https:\/\/bueltge.de\/wordpress-buch\/wp-json\/wp\/v2\/pages\/7","targetHints":{"allow":["GET"]}}],"collection":[{"href":"https:\/\/bueltge.de\/wordpress-buch\/wp-json\/wp\/v2\/pages"}],"about":[{"href":"https:\/\/bueltge.de\/wordpress-buch\/wp-json\/wp\/v2\/types\/page"}],"author":[{"embeddable":true,"href":"https:\/\/bueltge.de\/wordpress-buch\/wp-json\/wp\/v2\/users\/813"}],"replies":[{"embeddable":true,"href":"https:\/\/bueltge.de\/wordpress-buch\/wp-json\/wp\/v2\/comments?post=7"}],"version-history":[{"count":0,"href":"https:\/\/bueltge.de\/wordpress-buch\/wp-json\/wp\/v2\/pages\/7\/revisions"}],"wp:attachment":[{"href":"https:\/\/bueltge.de\/wordpress-buch\/wp-json\/wp\/v2\/media?parent=7"}],"curies":[{"name":"wp","href":"https:\/\/api.w.org\/{rel}","templated":true}]}}