{"id":82,"date":"2009-07-28T21:15:19","date_gmt":"2009-07-28T19:15:19","guid":{"rendered":"http:\/\/wordpress-buch.bueltge.de\/?page_id=82"},"modified":"2009-07-28T21:15:19","modified_gmt":"2009-07-28T19:15:19","slug":"kritiken-und-rezensionen","status":"publish","type":"page","link":"https:\/\/bueltge.de\/wordpress-buch\/das-wordpress-buch\/kritiken-und-rezensionen\/","title":{"rendered":"Kritiken und Rezensionen"},"content":{"rendered":"<blockquote><p>Ich mu\u00df sagen, das Buch ist rundum gelungen. Von der Installation \u00fcber Sicherheit bis hin zur Erstellung von Themes und dem Programmieren von eigenen Plugins behandeln die beiden souver\u00e4n die volle WordPress Bandbreite. Das Buch macht Lust, sich tiefer mit WordPress zu besch\u00e4ftigen und leistet dabei eine wichtige Hilfestellung. Wirklich empfehlenswert!<\/p><\/blockquote>\n<p><cite><a href=\"http:\/\/dynamicinternet.eu\/\">Michael Preu\u00df<\/a><\/cite><\/p>\n<blockquote><p>Das Buch ist f\u00fcr jeden empfehlenswert, der sich n\u00e4her mit WordPress besch\u00e4ftigen will. F\u00fcr Anf\u00e4nger sind die grunds\u00e4tzlichen Erl\u00e4uterungen hilfreich und f\u00fcr Profis, die bisher noch nichts mit WordPress zu tun hatten, werden die Eigenheiten von WordPress erkl\u00e4rt. Aufgrund der Vielzahl an Themen wird auch ein sehr erfahrener WordPress-Anwender\/Programmierer neue Informationen und n\u00fctzliche Tipps finden. Alles in allem also ein sehr n\u00fctzliches Buch. <\/p><\/blockquote>\n<p><cite>O.Baumann<\/cite><\/p>\n<blockquote><p>Die Magie dieses Buches liegt darin, das es gleichzeitig Anf\u00e4nger als auch Profis anspricht! Einfach mal anschauen, sollte in keinem Regal fehlen! \ud83d\ude42<\/p><\/blockquote>\n<p><cite><a href=\"http:\/\/www.guido-muehlwitz.de\/2009\/08\/php-frameworks-jquery-plugins-und-extrem-sinnvolle-hacks-fuer-wordpress\/\">Guido M\u00fchlwitz<\/a><\/cite><\/p>\n<blockquote><p>Das Buch liest sich sehr verst\u00e4ndlich und nachvollziehbar. Selbst mit wenig Grundkenntnissen in WordPress f\u00fchlt man sich abgeholt und kann somit seine Anwendungen intensivieren. Gut gef\u00e4llt mir, da\u00df die Autoren einen Rundumschlag machen und damit teilweise sehr weit in besonders interessante Themen vordringen. Neu waren mir vor dem Buch die vielen M\u00f6glichkeiten der Erweiterungen in WP und wie man so eigene Ideen umsetzen kann. Alles in allem eine sehr interessante Lekt\u00fcre f\u00fcr ein Wochenende mit anschlie\u00dfender Lagerung auf dem Schreibtisch als Anwendungshilfe. Vielen Dank an die Autoren!<\/p><\/blockquote>\n<p><cite><a href=\"http:\/\/degere.de\/\">Jan Weigelt<\/a><\/cite><\/p>\n<blockquote><p>Die einfache Bedienung des Systems bleibt diesmal au\u00dfen vor, stattdessen widmen sich die Autoren unter verschiedenen Aspekten der Templateerstellung. Mittels 960.gs und YAML werden Templates erstellt. Das YAML-Kapitel stammt von Michael Preu\u00df, einem echten Spezialisten auf diesem Gebiet. Ich finde es l\u00f6blich, da\u00df die Autoren sich zweier CSS-Frameworks bedienen, nichts selber entwickeln. Sie weisen den Lesern einen sinnvollen Weg, die Arbeit zu erleichtern und zu beschleunigen.<\/p>\n<p>Die eindeutigen St\u00e4rken des Buchs sind aber in meinen Augen die Kapitel \u00fcber Sicherheit in WordPress und \u00fcber Plugins.<br \/>\n&#8230;<br \/>\nDas Buch von Frank B\u00fcltge und Thomas Boley bietet viel Orientierung und gibt viele interessante Detailinformationen. Das Buch hat mir das Interesse f\u00fcr WordPress wieder zur\u00fcckgegeben und einen anderen Blick auf die Software er\u00f6ffnet. Ich kann es jedem empfehlen, der sich ernsthaft mir WordPress auseinandersetzt.<\/p><\/blockquote>\n<p><cite><a href=\"http:\/\/grochtdreis.de\/weblog\/2009\/08\/10\/rezension-das-wordpress-buch\/\">Jens Grochtdreis<\/a><\/cite><\/p>\n<blockquote><p>&#8230; super gut geschrieben, man findet sich schnell zurecht. Das Buch m\u00f6chte ich empfehlen; gut angelegtes Geld &#8230;<\/p><\/blockquote>\n<p><cite><a href=\"http:\/\/technikwuerze.de\/podcast\/technikwuerze144\/\">David Maciejewski im Podcast der Technikw\u00fcrze<\/a><\/cite><\/p>\n<blockquote><p>&#8230; Abschlie\u00dfend kann ich nur sagen, eine runde Sache und ein Buch das mich bei meinen WordPress-Arbeiten sicherlich begleiten wird. F\u00fcr Jeden der mehr aus WordPress herausholen will und programmiertechnisch selbst Hand anlegen kann, eine Anschaffung die mir 34,90 \u20ac ihr Geld wert ist.<\/p><\/blockquote>\n<p><cite><a href=\"http:\/\/www.erfolgreich-bloggen.de\/2009\/08\/11\/das-wordpress-buch\/\">Andreas Mertens<\/a><\/cite><\/p>\n<blockquote><p><strong>Fazit:<\/strong> Alles in allem ist Das WordPress-Buch: Vom Blog zum Content-Management-System ein gelungenes Werk, das WordPress-Entwickler und Webworker sicher mit zahlreichen Kaffeeflecken zieren werden. <strong>Klare Kaufempfehlung.<\/strong><\/p><\/blockquote>\n<p><cite><a href=\"http:\/\/www.blogtrainer.de\/2009\/08\/24\/das-wordpress-buch-von-frank-bueltge-und-thomas-boley\">Karl-Heinz Wenzlaff -Blog Trainer<\/a><\/cite><\/p>\n<blockquote><p>Die eierlegende Wollmilchsau wird man auch mit diesem Buch nicht entdecken. Daf\u00fcr ist das Thema an sich zu umf\u00e4nglich, um wirklich alle Bereiche abdecken zu k\u00f6nnen. Es schafft es aber sehr gut, die wesentlichen Bereiche anzureissen und zu vertiefen, wenn es darum geht, abseits vom Blog-Mainstream eine individuelle L\u00f6sung zu erarbeiten. Zudem werden immer wieder Querverweise geliefert, um noch tiefer ins Detail gehen zu k\u00f6nnen. Sehr praxisorientiert und fachlich sehr gut.<\/p><\/blockquote>\n<p><cite>hanseat<\/cite><\/p>\n<blockquote><p>Alles in allem ist das Buch sehr gut gegliedert und \u00fcbertrifft meine Erwartungen vollends. Ich werde dieses n\u00fctzliche Nachschlagewerk nicht mehr missen wollen.<\/p><\/blockquote>\n<p><cite><a href=\"http:\/\/wp-magazin.ch\/2009\/08\/30\/review-wordpress-buch\/comment-page-1\/\">Pascal Birchler<\/a><\/cite><\/p>\n<blockquote><p>Mein Eindruck ist positiv. F\u00fcr mich als fortgeschrittenen &#8222;Anf\u00e4nger&#8220; ist es eine weitere M\u00f6glichkeit, anhand dieses Buches mein Wissen \u00fcber WP zu steigern.<\/p><\/blockquote>\n<p><cite><a href=\"http:\/\/www.amazon.de\/product-reviews\/3937514708\/ref=cm_cr_dp_synop?ie=UTF8&amp;showViewpoints=0&amp;sortBy=bySubmissionDateDescending#R2XGOG6OWOCPM3\">special41<\/a><\/cite><\/p>\n<blockquote><p>&#8230; ein sehr ansehnliches und vor allem aber lesenswertes Buch erschienen, was selbst Profi-Bloggern und kommerziellen Blogbetreibern gefallen wird. &#8230;<\/p><\/blockquote>\n<p><cite><a href=\"http:\/\/www.wptop50.de\/das-neue-wordpress-buch\">WordPress Top 50<\/a><\/cite><\/p>\n<blockquote><p>Eine hervorragende Einf\u00fchrung in WordPress sowie ein umfassendes Nachschlagewerk  &#8230;<br \/>\nBesonders gut gef\u00e4llt mir, dass die Ausf\u00fchrungen in diesem Buch nicht auf die reinen Blog-Funktionen von WordPress beschr\u00e4nkt sind. Vielmehr wird auch der Einsatz von WordPress als Web-CMS sowie dessen Entwicklung in diese Richtung sehr ausf\u00fchrlich und verst\u00e4ndlich geschildert. Ein ausgezeichnetes Werk, das ich nur weiterempfehlen kann!<\/p><\/blockquote>\n<p><cite><a href=\"http:\/\/wattagentur.de\/wordpress\/das-wordpress-buch\/\">die wattagentur<\/a><\/cite><\/p>\n<blockquote><p>Mit zahlreichen Screenshots werden die Erl\u00e4uterungen visuell unterst\u00fctzt. Das hilft den Lesern bei der Umsetzung der vorgegebenen Tipps. Hilfestellungen und Erl\u00e4uterungen machen dieses \u00fcber 350 Seiten starke Buch zu einem sinnvollen Nachschlagewerk im Umgang mit WordPress, dass ebenso f\u00fcr Anf\u00e4nger als auch f\u00fcr fortgeschrittene WordPress-User zu empfehlen ist.<\/p><\/blockquote>\n<p><cite><a href=\"http:\/\/blog.suxess24.com\/2009\/12\/07\/das-wordpress-buch\/\">Steffen Klaus auf suxess24<\/a><\/cite><\/p>\n<blockquote><p>F\u00fcr mich pers\u00f6nlich ist das Buch eine Bereicherung f\u00fcr die t\u00e4gliche Arbeit mit WordPress. Zwar kann man auch immer Google bem\u00fchen, doch bin ich lieber ein Mensch, der sich auch einmal hinsetzt und einen Punkt noch einmal in Ruhe durchliest und sich passend dazu Notizen ins Buch schreibt.<\/p>\n<p>Ich w\u00fcrde das Buch nicht direkt als Anleitung f\u00fcr WordPress verstehen, vielmehr dient es wirklich als Nachschlagewerk was griffbereit am Schreibtisch liegen soll. Gerade bei der Theme-Entwicklung <del datetime=\"2009-12-14T09:08:57+00:00\">stand<\/del> lag es mir bisher unterst\u00fctzend zur Seite.<\/p>\n<p>Das Problem bei Fachb\u00fcchern welche sich mit einer so schnell wachsenden Software wie WordPress besch\u00e4ftigt, ist die Aktualit\u00e4t. Dies hat das Buch Das WordPress Buch \u2013 Vom Blog zum Content-Management-System sehr gut gel\u00f6st. Zwar sind die ein oder andere Screenshots dabei, die wohl im n\u00e4chsten Jahr mit Version 3.0 nicht mehr aktuell sein werden, aber das Buch ist so gut geschrieben, dass man es auch ohne Screenshots gut nachvollziehen kann.<\/p><\/blockquote>\n<p><cite><a href=\"http:\/\/webtagebu.ch\/2009\/12\/13\/das-wordpress-buch-vom-blog-zum-content-management-system\/\">webtagebu.ch<\/a><\/cite><\/p>\n<blockquote><p>Nachdem ich es praktisch verschlungen habe steht es nicht in der Bibliothek rum, sondern ist schon wieder in der Hand von einem Kollegen.<\/p>\n<p>Die erste Frage, die ich mir gestellt habe, nachdem ich das Buch durchgelesen hatte, war, welche Zielgruppe hat dieses Buch? Und es kann nur eine Antwort geben: die Zielgruppe sind die Leute, die WordPress einsetzen und dar\u00fcber mehr erfahren wollen. Ob Einsteiger oder Fortgeschrittene, f\u00fcr jeden beinhaltet dieses Buch interessante, informative und hilfreiche Abschnitte<\/p><\/blockquote>\n<p><cite><a href=\"http:\/\/mamsel.de\/wordpress\/das-wordpress-buch-vom-blog-zum-content-management-system\/\">MaD&#8217;s Blog<\/a><\/cite><\/p>\n<blockquote><p>Mit Sicherheit wird das WordPress Buch von Frank B\u00fcltge und Thomas Boley bei mir seinen Platz als ein wichtiges Nachschlagewerk einnehmen.<\/p><\/blockquote>\n<p><cite><a href=\"http:\/\/www.mehr-geld-sparen.de\/wordpress\/das-wordpress-buch\/\">Mehr-Geld-Sparen<\/a><\/cite><\/p>\n","protected":false},"excerpt":{"rendered":"<p>Ich mu\u00df sagen, das Buch ist rundum gelungen. Von der Installation \u00fcber Sicherheit bis hin zur Erstellung von Themes und dem Programmieren von eigenen Plugins behandeln die beiden souver\u00e4n die volle WordPress Bandbreite. Das Buch macht Lust, sich tiefer mit WordPress zu besch\u00e4ftigen und leistet dabei eine wichtige Hilfestellung. Wirklich empfehlenswert! Michael Preu\u00df Das Buch&hellip; <a class=\"more-link\" href=\"https:\/\/bueltge.de\/wordpress-buch\/das-wordpress-buch\/kritiken-und-rezensionen\/\"><span class=\"screen-reader-text\">Kritiken und Rezensionen<\/span> weiterlesen<\/a><\/p>\n","protected":false},"author":813,"featured_media":0,"parent":59,"menu_order":2,"comment_status":"open","ping_status":"open","template":"","meta":{"footnotes":""},"class_list":["post-82","page","type-page","status-publish","hentry","entry"],"_links":{"self":[{"href":"https:\/\/bueltge.de\/wordpress-buch\/wp-json\/wp\/v2\/pages\/82","targetHints":{"allow":["GET"]}}],"collection":[{"href":"https:\/\/bueltge.de\/wordpress-buch\/wp-json\/wp\/v2\/pages"}],"about":[{"href":"https:\/\/bueltge.de\/wordpress-buch\/wp-json\/wp\/v2\/types\/page"}],"author":[{"embeddable":true,"href":"https:\/\/bueltge.de\/wordpress-buch\/wp-json\/wp\/v2\/users\/813"}],"replies":[{"embeddable":true,"href":"https:\/\/bueltge.de\/wordpress-buch\/wp-json\/wp\/v2\/comments?post=82"}],"version-history":[{"count":0,"href":"https:\/\/bueltge.de\/wordpress-buch\/wp-json\/wp\/v2\/pages\/82\/revisions"}],"up":[{"embeddable":true,"href":"https:\/\/bueltge.de\/wordpress-buch\/wp-json\/wp\/v2\/pages\/59"}],"wp:attachment":[{"href":"https:\/\/bueltge.de\/wordpress-buch\/wp-json\/wp\/v2\/media?parent=82"}],"curies":[{"name":"wp","href":"https:\/\/api.w.org\/{rel}","templated":true}]}}